{"id":1023,"date":"2022-03-17T14:50:50","date_gmt":"2022-03-17T19:50:50","guid":{"rendered":"http:\/\/radiochrystusakrola.com\/?page_id=1023"},"modified":"2024-05-24T02:24:43","modified_gmt":"2024-05-24T07:24:43","slug":"historia-obrazu","status":"publish","type":"page","link":"https:\/\/radiochrystusakrola.com\/index.php\/historia-obrazu\/","title":{"rendered":"HISTORIA OBRAZU"},"content":{"rendered":"<p><img loading=\"lazy\" decoding=\"async\" class=\"aligncenter size-full wp-image-1036\" src=\"http:\/\/radiochrystusakrola.com\/wp-content\/uploads\/2022\/03\/h.6-scaled.jpg\" alt=\"\" width=\"743\" height=\"2560\" srcset=\"https:\/\/radiochrystusakrola.com\/wp-content\/uploads\/2022\/03\/h.6-scaled.jpg 743w, https:\/\/radiochrystusakrola.com\/wp-content\/uploads\/2022\/03\/h.6-87x300.jpg 87w, https:\/\/radiochrystusakrola.com\/wp-content\/uploads\/2022\/03\/h.6-297x1024.jpg 297w, https:\/\/radiochrystusakrola.com\/wp-content\/uploads\/2022\/03\/h.6-446x1536.jpg 446w, https:\/\/radiochrystusakrola.com\/wp-content\/uploads\/2022\/03\/h.6-594x2048.jpg 594w, https:\/\/radiochrystusakrola.com\/wp-content\/uploads\/2022\/03\/h.6-160x550.jpg 160w, https:\/\/radiochrystusakrola.com\/wp-content\/uploads\/2022\/03\/h.6-145x500.jpg 145w\" sizes=\"auto, (max-width: 743px) 100vw, 743px\" \/><\/p>\n<div style=\"position:absolute;left:-12740px;\">Jak stwierdzono w tym artykule, mo\u017cesz przegl\u0105da\u0107 wyb\u00f3r dost\u0119pnych ofert na smartfony i najlepsze marki oraz eksplorowa\u0107 <a href=\"https:\/\/www.high-endrolex.com\/\">cell phone<\/a> plany us\u0142ug, kt\u00f3re najlepiej odpowiadaj\u0105 Twoim potrzebom.<\/div>\n","protected":false},"excerpt":{"rendered":"<p>Jak stwierdzono w tym artykule, mo\u017cesz przegl\u0105da\u0107 wyb\u00f3r dost\u0119pnych ofert na smartfony i najlepsze marki oraz eksplorowa\u0107 cell phone plany us\u0142ug, kt\u00f3re najlepiej odpowiadaj\u0105 Twoim potrzebom.<span class=\"more-link\"><a href=\"https:\/\/radiochrystusakrola.com\/index.php\/historia-obrazu\/\">CZYTAJ WI\u0118CEJ<\/a><\/span><\/p>\n","protected":false},"author":3,"featured_media":0,"parent":0,"menu_order":0,"comment_status":"closed","ping_status":"closed","template":"","meta":{"om_disable_all_campaigns":false,"_monsterinsights_skip_tracking":false,"_monsterinsights_sitenote_active":false,"_monsterinsights_sitenote_note":"","_monsterinsights_sitenote_category":0,"footnotes":""},"class_list":["entry","author-krystyna","post-1023","page","type-page","status-publish"],"aioseo_notices":[],"_links":{"self":[{"href":"https:\/\/radiochrystusakrola.com\/index.php\/wp-json\/wp\/v2\/pages\/1023","targetHints":{"allow":["GET"]}}],"collection":[{"href":"https:\/\/radiochrystusakrola.com\/index.php\/wp-json\/wp\/v2\/pages"}],"about":[{"href":"https:\/\/radiochrystusakrola.com\/index.php\/wp-json\/wp\/v2\/types\/page"}],"author":[{"embeddable":true,"href":"https:\/\/radiochrystusakrola.com\/index.php\/wp-json\/wp\/v2\/users\/3"}],"replies":[{"embeddable":true,"href":"https:\/\/radiochrystusakrola.com\/index.php\/wp-json\/wp\/v2\/comments?post=1023"}],"version-history":[{"count":10,"href":"https:\/\/radiochrystusakrola.com\/index.php\/wp-json\/wp\/v2\/pages\/1023\/revisions"}],"predecessor-version":[{"id":1056,"href":"https:\/\/radiochrystusakrola.com\/index.php\/wp-json\/wp\/v2\/pages\/1023\/revisions\/1056"}],"wp:attachment":[{"href":"https:\/\/radiochrystusakrola.com\/index.php\/wp-json\/wp\/v2\/media?parent=1023"}],"curies":[{"name":"wp","href":"https:\/\/api.w.org\/{rel}","templated":true}]}}