{"id":1322,"date":"2022-03-26T11:25:22","date_gmt":"2022-03-26T16:25:22","guid":{"rendered":"http:\/\/radiochrystusakrola.com\/?page_id=1322"},"modified":"2022-03-26T11:54:41","modified_gmt":"2022-03-26T16:54:41","slug":"modlitwa-o-uzdrowienie","status":"publish","type":"page","link":"https:\/\/radiochrystusakrola.com\/index.php\/modlitwa-o-uzdrowienie\/","title":{"rendered":"Modlitwa o uzdrowienie"},"content":{"rendered":"<div class=\"_df_book df-lite\" id=\"df_1326\"  _slug=\"modlitwy-o-uzdrowienie\" data-title=\"modlitwy-o-uzdrowienie\" wpoptions=\"true\" thumbtype=\"\" ><\/div><script class=\"df-shortcode-script\" nowprocket type=\"application\/javascript\">window.option_df_1326 = {\"outline\":[],\"autoEnableOutline\":\"false\",\"autoEnableThumbnail\":\"false\",\"overwritePDFOutline\":\"false\",\"direction\":\"1\",\"pageSize\":\"0\",\"source\":\"http:\\\/\\\/radiochrystusakrola.com\\\/wp-content\\\/uploads\\\/2022\\\/03\\\/modlitwy_druk-2.pdf\",\"wpOptions\":\"true\"}; if(window.DFLIP && window.DFLIP.parseBooks){window.DFLIP.parseBooks();}<\/script>\n\n\n\n<figure class=\"wp-block-embed is-type-video is-provider-youtube wp-block-embed-youtube wp-embed-aspect-16-9 wp-has-aspect-ratio\"><div class=\"wp-block-embed__wrapper\">\n<iframe loading=\"lazy\" title=\"PREZYDENT SIEMIANOWIC \u015aL\u0104SKICH, RAFA\u0141 PIECH: ODPOWIED\u0179 NA KOMENTARZE\" width=\"1260\" height=\"709\" src=\"https:\/\/www.youtube.com\/embed\/KlVBfixFKlQ?feature=oembed\" frameborder=\"0\" allow=\"accelerometer; autoplay; clipboard-write; encrypted-media; gyroscope; picture-in-picture\" allowfullscreen><\/iframe>\n<\/div><\/figure>\n\n\n\n<figure class=\"wp-block-embed is-type-video is-provider-youtube wp-block-embed-youtube wp-embed-aspect-16-9 wp-has-aspect-ratio\"><div class=\"wp-block-embed__wrapper\">\n<iframe loading=\"lazy\" title=\"Rafa\u0142 Piech: Ratujmy nasze dusze i dusze naszych dzieci!\" width=\"1260\" height=\"709\" src=\"https:\/\/www.youtube.com\/embed\/5PoemIskOPM?feature=oembed\" frameborder=\"0\" allow=\"accelerometer; autoplay; clipboard-write; encrypted-media; gyroscope; picture-in-picture\" allowfullscreen><\/iframe>\n<\/div><\/figure>\n","protected":false},"excerpt":{"rendered":"<p><span class=\"more-link\"><a href=\"https:\/\/radiochrystusakrola.com\/index.php\/modlitwa-o-uzdrowienie\/\">CZYTAJ WI\u0118CEJ<\/a><\/span><\/p>\n","protected":false},"author":1,"featured_media":0,"parent":0,"menu_order":0,"comment_status":"closed","ping_status":"closed","template":"","meta":{"om_disable_all_campaigns":false,"_monsterinsights_skip_tracking":false,"_monsterinsights_sitenote_active":false,"_monsterinsights_sitenote_note":"","_monsterinsights_sitenote_category":0,"footnotes":""},"class_list":["entry","author-sandrew","post-1322","page","type-page","status-publish"],"aioseo_notices":[],"_links":{"self":[{"href":"https:\/\/radiochrystusakrola.com\/index.php\/wp-json\/wp\/v2\/pages\/1322","targetHints":{"allow":["GET"]}}],"collection":[{"href":"https:\/\/radiochrystusakrola.com\/index.php\/wp-json\/wp\/v2\/pages"}],"about":[{"href":"https:\/\/radiochrystusakrola.com\/index.php\/wp-json\/wp\/v2\/types\/page"}],"author":[{"embeddable":true,"href":"https:\/\/radiochrystusakrola.com\/index.php\/wp-json\/wp\/v2\/users\/1"}],"replies":[{"embeddable":true,"href":"https:\/\/radiochrystusakrola.com\/index.php\/wp-json\/wp\/v2\/comments?post=1322"}],"version-history":[{"count":3,"href":"https:\/\/radiochrystusakrola.com\/index.php\/wp-json\/wp\/v2\/pages\/1322\/revisions"}],"predecessor-version":[{"id":1331,"href":"https:\/\/radiochrystusakrola.com\/index.php\/wp-json\/wp\/v2\/pages\/1322\/revisions\/1331"}],"wp:attachment":[{"href":"https:\/\/radiochrystusakrola.com\/index.php\/wp-json\/wp\/v2\/media?parent=1322"}],"curies":[{"name":"wp","href":"https:\/\/api.w.org\/{rel}","templated":true}]}}