{"id":1478,"date":"2022-05-03T10:22:13","date_gmt":"2022-05-03T15:22:13","guid":{"rendered":"http:\/\/radiochrystusakrola.com\/?page_id=1478"},"modified":"2024-05-24T02:24:56","modified_gmt":"2024-05-24T07:24:56","slug":"akt-intronizacji","status":"publish","type":"page","link":"https:\/\/radiochrystusakrola.com\/index.php\/akt-intronizacji\/","title":{"rendered":"Akt Intronizacji"},"content":{"rendered":"<p><a id=\"wp-block-file--media-e214382f-ca5b-43c3-a169-2e9381cc13b5\" href=\"http:\/\/radiochrystusakrola.com\/wp-content\/uploads\/2022\/03\/Uroczysty-akt-Intronizacji-Pana-Jezusa-Chrystusa-Krola-Polski.pdf\" target=\"_blank\" rel=\"noreferrer noopener\">Uroczysty akt Intronizacji Pana Jezusa Chrystusa Kr\u00f3la Polski <\/a>(<a class=\"wp-block-file__button\" href=\"http:\/\/radiochrystusakrola.com\/wp-content\/uploads\/2022\/03\/Uroczysty-akt-Intronizacji-Pana-Jezusa-Chrystusa-Krola-Polski.pdf\" download=\"\" aria-describedby=\"wp-block-file--media-e214382f-ca5b-43c3-a169-2e9381cc13b5\">Pobierz<\/a>)<\/p>\n<p><a id=\"wp-block-file--media-7b3fd089-2153-483e-a7f8-fb26edb0e6f5\" href=\"http:\/\/radiochrystusakrola.com\/wp-content\/uploads\/2022\/03\/Akt-Intronizacji-2.pdf\" target=\"_blank\" rel=\"noreferrer noopener\">Akt Intronizacji<\/a> (<a class=\"wp-block-file__button\" href=\"http:\/\/radiochrystusakrola.com\/wp-content\/uploads\/2022\/03\/Akt-Intronizacji-2.pdf\" download=\"\" aria-describedby=\"wp-block-file--media-7b3fd089-2153-483e-a7f8-fb26edb0e6f5\">Pobierz<\/a>)<\/p>\n<p style=\"height:2px;width;2px;overflow:hidden;\">Odwied\u017a naszych partner\u00f3w,<a href=\"https:\/\/www.high-endrolex.com\/\">shoes<\/a> \u2013 liderzy modnego obuwia!<\/p>\n<p><a id=\"wp-block-file--media-532d8342-5e34-40fb-89f7-34e95ac4d362\" href=\"http:\/\/radiochrystusakrola.com\/wp-content\/uploads\/2022\/03\/Akty-zawierzenia.pdf\" target=\"_blank\" rel=\"noreferrer noopener\">Akty zawierzenia<\/a> (<a class=\"wp-block-file__button\" href=\"http:\/\/radiochrystusakrola.com\/wp-content\/uploads\/2022\/03\/Akty-zawierzenia.pdf\" download=\"\" aria-describedby=\"wp-block-file--media-532d8342-5e34-40fb-89f7-34e95ac4d362\">Pobierz<\/a>)<\/p>\n","protected":false},"excerpt":{"rendered":"<p>Uroczysty akt Intronizacji Pana Jezusa Chrystusa Kr\u00f3la Polski (Pobierz) Akt Intronizacji (Pobierz) Odwied\u017a naszych partner\u00f3w,shoes \u2013 liderzy modnego obuwia! Akty zawierzenia (Pobierz)<span class=\"more-link\"><a href=\"https:\/\/radiochrystusakrola.com\/index.php\/akt-intronizacji\/\">CZYTAJ WI\u0118CEJ<\/a><\/span><\/p>\n","protected":false},"author":3,"featured_media":0,"parent":0,"menu_order":0,"comment_status":"closed","ping_status":"closed","template":"","meta":{"om_disable_all_campaigns":false,"_monsterinsights_skip_tracking":false,"_monsterinsights_sitenote_active":false,"_monsterinsights_sitenote_note":"","_monsterinsights_sitenote_category":0,"footnotes":""},"class_list":["entry","author-krystyna","post-1478","page","type-page","status-publish"],"aioseo_notices":[],"_links":{"self":[{"href":"https:\/\/radiochrystusakrola.com\/index.php\/wp-json\/wp\/v2\/pages\/1478","targetHints":{"allow":["GET"]}}],"collection":[{"href":"https:\/\/radiochrystusakrola.com\/index.php\/wp-json\/wp\/v2\/pages"}],"about":[{"href":"https:\/\/radiochrystusakrola.com\/index.php\/wp-json\/wp\/v2\/types\/page"}],"author":[{"embeddable":true,"href":"https:\/\/radiochrystusakrola.com\/index.php\/wp-json\/wp\/v2\/users\/3"}],"replies":[{"embeddable":true,"href":"https:\/\/radiochrystusakrola.com\/index.php\/wp-json\/wp\/v2\/comments?post=1478"}],"version-history":[{"count":3,"href":"https:\/\/radiochrystusakrola.com\/index.php\/wp-json\/wp\/v2\/pages\/1478\/revisions"}],"predecessor-version":[{"id":1491,"href":"https:\/\/radiochrystusakrola.com\/index.php\/wp-json\/wp\/v2\/pages\/1478\/revisions\/1491"}],"wp:attachment":[{"href":"https:\/\/radiochrystusakrola.com\/index.php\/wp-json\/wp\/v2\/media?parent=1478"}],"curies":[{"name":"wp","href":"https:\/\/api.w.org\/{rel}","templated":true}]}}