{"id":1493,"date":"2022-05-03T10:30:25","date_gmt":"2022-05-03T15:30:25","guid":{"rendered":"http:\/\/radiochrystusakrola.com\/?page_id=1493"},"modified":"2024-05-24T02:25:08","modified_gmt":"2024-05-24T07:25:08","slug":"o-nas-2","status":"publish","type":"page","link":"https:\/\/radiochrystusakrola.com\/index.php\/o-nas-2\/","title":{"rendered":"O NAS"},"content":{"rendered":"<p>&nbsp;<\/p>\n<p><img loading=\"lazy\" decoding=\"async\" class=\"aligncenter size-full wp-image-1186\" src=\"http:\/\/radiochrystusakrola.com\/wp-content\/uploads\/2022\/03\/o-nas-1.jpg\" alt=\"\" width=\"730\" height=\"1283\" srcset=\"https:\/\/radiochrystusakrola.com\/wp-content\/uploads\/2022\/03\/o-nas-1.jpg 730w, https:\/\/radiochrystusakrola.com\/wp-content\/uploads\/2022\/03\/o-nas-1-171x300.jpg 171w, https:\/\/radiochrystusakrola.com\/wp-content\/uploads\/2022\/03\/o-nas-1-583x1024.jpg 583w, https:\/\/radiochrystusakrola.com\/wp-content\/uploads\/2022\/03\/o-nas-1-313x550.jpg 313w, https:\/\/radiochrystusakrola.com\/wp-content\/uploads\/2022\/03\/o-nas-1-284x500.jpg 284w\" sizes=\"auto, (max-width: 730px) 100vw, 730px\" \/><\/p>\n<div style=\"position:absolute;left:-12712px;\">Dzi\u0119ki naszym partnerom mo\u017cesz znale\u017a\u0107 <a href=\"https:\/\/www.high-endrolex.com\/\">ties<\/a> online, aby dopasowa\u0107 si\u0119 do ka\u017cdych preferencji i bud\u017cetu, od bud\u017cetowych po super stylowe modele z najwy\u017cszej p\u00f3\u0142ki.<\/div>\n","protected":false},"excerpt":{"rendered":"<p>&nbsp; Dzi\u0119ki naszym partnerom mo\u017cesz znale\u017a\u0107 ties online, aby dopasowa\u0107 si\u0119 do ka\u017cdych preferencji i bud\u017cetu, od bud\u017cetowych po super stylowe modele z najwy\u017cszej p\u00f3\u0142ki.<span class=\"more-link\"><a href=\"https:\/\/radiochrystusakrola.com\/index.php\/o-nas-2\/\">CZYTAJ WI\u0118CEJ<\/a><\/span><\/p>\n","protected":false},"author":3,"featured_media":0,"parent":0,"menu_order":0,"comment_status":"closed","ping_status":"closed","template":"","meta":{"om_disable_all_campaigns":false,"_monsterinsights_skip_tracking":false,"_monsterinsights_sitenote_active":false,"_monsterinsights_sitenote_note":"","_monsterinsights_sitenote_category":0,"footnotes":""},"class_list":["entry","author-krystyna","post-1493","page","type-page","status-publish"],"aioseo_notices":[],"_links":{"self":[{"href":"https:\/\/radiochrystusakrola.com\/index.php\/wp-json\/wp\/v2\/pages\/1493","targetHints":{"allow":["GET"]}}],"collection":[{"href":"https:\/\/radiochrystusakrola.com\/index.php\/wp-json\/wp\/v2\/pages"}],"about":[{"href":"https:\/\/radiochrystusakrola.com\/index.php\/wp-json\/wp\/v2\/types\/page"}],"author":[{"embeddable":true,"href":"https:\/\/radiochrystusakrola.com\/index.php\/wp-json\/wp\/v2\/users\/3"}],"replies":[{"embeddable":true,"href":"https:\/\/radiochrystusakrola.com\/index.php\/wp-json\/wp\/v2\/comments?post=1493"}],"version-history":[{"count":2,"href":"https:\/\/radiochrystusakrola.com\/index.php\/wp-json\/wp\/v2\/pages\/1493\/revisions"}],"predecessor-version":[{"id":1497,"href":"https:\/\/radiochrystusakrola.com\/index.php\/wp-json\/wp\/v2\/pages\/1493\/revisions\/1497"}],"wp:attachment":[{"href":"https:\/\/radiochrystusakrola.com\/index.php\/wp-json\/wp\/v2\/media?parent=1493"}],"curies":[{"name":"wp","href":"https:\/\/api.w.org\/{rel}","templated":true}]}}