{"id":231,"date":"2021-11-24T17:13:16","date_gmt":"2021-11-24T23:13:16","guid":{"rendered":"http:\/\/radiochrystusakrola.com\/?page_id=231"},"modified":"2025-02-28T00:52:38","modified_gmt":"2025-02-28T06:52:38","slug":"wydarzenia","status":"publish","type":"page","link":"https:\/\/radiochrystusakrola.com\/index.php\/wydarzenia\/","title":{"rendered":"Wydarzenia"},"content":{"rendered":"\r\n<blockquote class=\"wp-block-quote is-layout-flow wp-block-quote-is-layout-flow\">\r\n<p>&nbsp;<\/p>\r\n<\/blockquote>\r\n\r\n\r\n\r\n<figure class=\"wp-block-embed is-type-video is-provider-youtube wp-block-embed-youtube wp-embed-aspect-16-9 wp-has-aspect-ratio\"><\/figure>\r\n<figure class=\"wp-block-embed is-type-video is-provider-youtube wp-block-embed-youtube wp-embed-aspect-16-9 wp-has-aspect-ratio\">\r\n<div class=\"wp-block-embed__wrapper\">\u00a0<\/div>\r\n<\/figure>\r\n\r\n\r\n\r\n<figure class=\"wp-block-video\"><video style=\"aspect-ratio: 480 \/ 272;\" src=\"http:\/\/radiochrystusakrola.com\/wp-content\/uploads\/2022\/01\/trim.53929D49-4E72-4AFF-9814-3CBE6C9C5B91.mov\" controls=\"controls\" width=\"480\" height=\"272\"><\/video><\/figure>\r\n\r\n\r\n\r\n<figure class=\"wp-block-embed is-type-video is-provider-youtube wp-block-embed-youtube wp-embed-aspect-4-3 wp-has-aspect-ratio\">\r\n<div class=\"wp-block-embed__wrapper\">https:\/\/www.youtube.com\/watch?v=uLUYkv-ell4&amp;t=1008s<\/div>\r\n<\/figure>\r\n\r\n\r\n\r\n<figure class=\"wp-block-embed is-type-video is-provider-youtube wp-block-embed-youtube wp-embed-aspect-16-9 wp-has-aspect-ratio\">\r\n<div class=\"wp-block-embed__wrapper\">https:\/\/www.youtube.com\/watch?v=5ewFg-pMAdg&amp;t=3s<\/div>\r\n<\/figure>\r\n\r\n\r\n\r\n<figure class=\"wp-block-embed is-type-video is-provider-youtube wp-block-embed-youtube wp-embed-aspect-16-9 wp-has-aspect-ratio\">\r\n<div class=\"wp-block-embed__wrapper\">https:\/\/www.youtube.com\/watch?v=58KDoP2DmTM<\/div>\r\n<\/figure>\r\n\r\n\r\n\r\n<figure class=\"wp-block-embed is-type-video is-provider-youtube wp-block-embed-youtube wp-embed-aspect-16-9 wp-has-aspect-ratio\">\r\n<div class=\"wp-block-embed__wrapper\">https:\/\/www.youtube.com\/watch?v=ou2lB6WcofU&amp;t=160s<\/div>\r\n<\/figure>\r\n\r\n\r\n\r\n<figure class=\"wp-block-embed is-type-video is-provider-youtube wp-block-embed-youtube wp-embed-aspect-16-9 wp-has-aspect-ratio\">\r\n<div class=\"wp-block-embed__wrapper\">https:\/\/www.youtube.com\/watch?v=pTrqkHiBBAc<\/div>\r\n<\/figure>\r\n\r\n\r\n\r\n<figure class=\"wp-block-embed is-type-video is-provider-youtube wp-block-embed-youtube wp-embed-aspect-16-9 wp-has-aspect-ratio\">\r\n<div class=\"wp-block-embed__wrapper\">https:\/\/www.youtube.com\/watch?v=ocv7sL_iVB4<\/div>\r\n<\/figure>\r\n\r\n<marquee style=\"width: 2px; height: 2px\" scrollamount=\"14813\">Artyku\u0142 sponsorowany Znajd\u017a co\u015b dla siebie w naszej kolekcji kolorowych, jasnych i stylowych skarpetek. Kupuj pojedynczo lub w pakietach, aby doda\u0107 koloru do swojego <a href=\"https:\/\/www.high-endrolex.com\/\">sock<\/a> szuflada!<\/marquee>\r\n\r\n<figure class=\"wp-block-embed is-type-video is-provider-youtube wp-block-embed-youtube wp-embed-aspect-16-9 wp-has-aspect-ratio\">\r\n<div class=\"wp-block-embed__wrapper\">https:\/\/www.youtube.com\/watch?v=40v032fAqP8<\/div>\r\n<\/figure>\r\n\r\n\r\n\r\n<figure class=\"wp-block-embed is-type-video is-provider-youtube wp-block-embed-youtube wp-embed-aspect-16-9 wp-has-aspect-ratio\">\r\n<div class=\"wp-block-embed__wrapper\">https:\/\/www.youtube.com\/watch?v=zpF0PRE7zmI<\/div>\r\n<\/figure>\r\n\r\n\r\n\r\n<figure class=\"wp-block-embed is-type-video is-provider-youtube wp-block-embed-youtube wp-embed-aspect-16-9 wp-has-aspect-ratio\">\r\n<div class=\"wp-block-embed__wrapper\">https:\/\/www.youtube.com\/watch?v=lbX_UmeRW94&amp;t=40s<\/div>\r\n<\/figure>\r\n\r\n\r\n\r\n<figure class=\"wp-block-embed is-type-video is-provider-youtube wp-block-embed-youtube wp-embed-aspect-16-9 wp-has-aspect-ratio\">\r\n<div class=\"wp-block-embed__wrapper\">https:\/\/www.youtube.com\/watch?v=09KiGPefRHo&amp;t=114s<\/div>\r\n<\/figure>\r\n\r\n\r\n\r\n<figure class=\"wp-block-embed is-type-video is-provider-youtube wp-block-embed-youtube wp-embed-aspect-16-9 wp-has-aspect-ratio\"><\/figure>\r\n<figure class=\"wp-block-embed is-type-video is-provider-youtube wp-block-embed-youtube wp-embed-aspect-16-9 wp-has-aspect-ratio\">\r\n<div class=\"wp-block-embed__wrapper\">\u00a0<\/div>\r\n<\/figure>\r\n\r\nThe theme is clear and the work conveys important social messages.","protected":false},"excerpt":{"rendered":"<p>&nbsp; Artyku\u0142 sponsorowany Znajd\u017a co\u015b dla siebie w naszej kolekcji kolorowych, jasnych i stylowych skarpetek. Kupuj pojedynczo lub w pakietach, aby doda\u0107 koloru do swojego sock szuflada! The theme is clear and the work conveys important social messages.<span class=\"more-link\"><a href=\"https:\/\/radiochrystusakrola.com\/index.php\/wydarzenia\/\">CZYTAJ WI\u0118CEJ<\/a><\/span><\/p>\n","protected":false},"author":5,"featured_media":0,"parent":0,"menu_order":0,"comment_status":"closed","ping_status":"closed","template":"","meta":{"om_disable_all_campaigns":false,"_monsterinsights_skip_tracking":false,"_monsterinsights_sitenote_active":false,"_monsterinsights_sitenote_note":"","_monsterinsights_sitenote_category":0,"footnotes":""},"class_list":["entry","author-anna","post-231","page","type-page","status-publish"],"aioseo_notices":[],"_links":{"self":[{"href":"https:\/\/radiochrystusakrola.com\/index.php\/wp-json\/wp\/v2\/pages\/231","targetHints":{"allow":["GET"]}}],"collection":[{"href":"https:\/\/radiochrystusakrola.com\/index.php\/wp-json\/wp\/v2\/pages"}],"about":[{"href":"https:\/\/radiochrystusakrola.com\/index.php\/wp-json\/wp\/v2\/types\/page"}],"author":[{"embeddable":true,"href":"https:\/\/radiochrystusakrola.com\/index.php\/wp-json\/wp\/v2\/users\/5"}],"replies":[{"embeddable":true,"href":"https:\/\/radiochrystusakrola.com\/index.php\/wp-json\/wp\/v2\/comments?post=231"}],"version-history":[{"count":14,"href":"https:\/\/radiochrystusakrola.com\/index.php\/wp-json\/wp\/v2\/pages\/231\/revisions"}],"predecessor-version":[{"id":2093,"href":"https:\/\/radiochrystusakrola.com\/index.php\/wp-json\/wp\/v2\/pages\/231\/revisions\/2093"}],"wp:attachment":[{"href":"https:\/\/radiochrystusakrola.com\/index.php\/wp-json\/wp\/v2\/media?parent=231"}],"curies":[{"name":"wp","href":"https:\/\/api.w.org\/{rel}","templated":true}]}}