{"id":554,"date":"2022-01-14T14:21:03","date_gmt":"2022-01-14T20:21:03","guid":{"rendered":"http:\/\/radiochrystusakrola.com\/?page_id=554"},"modified":"2025-11-14T11:31:20","modified_gmt":"2025-11-14T17:31:20","slug":"start","status":"publish","type":"page","link":"https:\/\/radiochrystusakrola.com\/","title":{"rendered":"RADIO"},"content":{"rendered":"<div id=\"player\" class=\"style-scope ytd-watch-flexy\">\r\n<div id=\"player-container-outer\" class=\"style-scope ytd-watch-flexy\">\r\n<h1 class=\"style-scope ytd-watch-metadata\"><strong><span style=\"background-color: #ff0000; color: #ffffff;\">\u00a0Wiersz o Chrystusie Kr\u00f3lu<\/span><\/strong><\/h1>\r\n<audio class=\"wp-audio-shortcode\" id=\"audio-554-1\" preload=\"none\" style=\"width: 100%;\" controls=\"controls\"><source type=\"audio\/mpeg\" src=\"https:\/\/radiochrystusakrola.com\/wp-content\/uploads\/2025\/11\/wiersz-o-Chrystusie-Krolu.mp3?_=1\" \/><a href=\"https:\/\/radiochrystusakrola.com\/wp-content\/uploads\/2025\/11\/wiersz-o-Chrystusie-Krolu.mp3\">https:\/\/radiochrystusakrola.com\/wp-content\/uploads\/2025\/11\/wiersz-o-Chrystusie-Krolu.mp3<\/a><\/audio>\r\n\r\n<img loading=\"lazy\" decoding=\"async\" class=\"aligncenter wp-image-2233 size-large\" src=\"https:\/\/radiochrystusakrola.com\/wp-content\/uploads\/2025\/11\/IMG-20251110-WA0002-1-768x1024.jpg\" alt=\"\" width=\"768\" height=\"1024\" srcset=\"https:\/\/radiochrystusakrola.com\/wp-content\/uploads\/2025\/11\/IMG-20251110-WA0002-1-768x1024.jpg 768w, https:\/\/radiochrystusakrola.com\/wp-content\/uploads\/2025\/11\/IMG-20251110-WA0002-1-225x300.jpg 225w, https:\/\/radiochrystusakrola.com\/wp-content\/uploads\/2025\/11\/IMG-20251110-WA0002-1-1152x1536.jpg 1152w, https:\/\/radiochrystusakrola.com\/wp-content\/uploads\/2025\/11\/IMG-20251110-WA0002-1-413x550.jpg 413w, https:\/\/radiochrystusakrola.com\/wp-content\/uploads\/2025\/11\/IMG-20251110-WA0002-1-375x500.jpg 375w, https:\/\/radiochrystusakrola.com\/wp-content\/uploads\/2025\/11\/IMG-20251110-WA0002-1.jpg 1200w\" sizes=\"auto, (max-width: 768px) 100vw, 768px\" \/>\r\n<h1 class=\"style-scope ytd-watch-metadata\"><strong><span style=\"background-color: #ff0000; color: #ffffff;\">\u201eZrezygnowa\u0107 z fascynacji \u015bwiatem\u201d Ks. Marek B\u0105k<\/span><\/strong><\/h1>\r\n<iframe loading=\"lazy\" title=\"&quot;Zrezygnowa\u0107 z fascynacji \u015bwiatem&quot; Ks. Marek B\u0105k\" width=\"1260\" height=\"709\" src=\"https:\/\/www.youtube.com\/embed\/nfTCoCmP2GQ?start=211&#038;feature=oembed\" frameborder=\"0\" allow=\"accelerometer; autoplay; clipboard-write; encrypted-media; gyroscope; picture-in-picture; web-share\" referrerpolicy=\"strict-origin-when-cross-origin\" allowfullscreen><\/iframe>\r\n<h1 class=\"style-scope ytd-watch-metadata\"><strong><span style=\"background-color: #ff0000; color: #ffffff;\">Cuda i \u0141aski wyproszone przed obrazem Chrystusa Kr\u00f3la<\/span><\/strong><\/h1>\r\n<iframe loading=\"lazy\" title=\"Cuda i \u0141aski wyproszone przed obrazem Chrystusa Kr\u00f3la.\" width=\"1260\" height=\"709\" src=\"https:\/\/www.youtube.com\/embed\/MCaQCTmB25A?feature=oembed\" frameborder=\"0\" allow=\"accelerometer; autoplay; clipboard-write; encrypted-media; gyroscope; picture-in-picture; web-share\" referrerpolicy=\"strict-origin-when-cross-origin\" allowfullscreen><\/iframe>\r\n<h1>\u00a0<strong><span style=\"background-color: #ff0000; color: #ffffff;\">Najpi\u0119kniejsza rzecz po tej stronie Nieba &#8211; o\u0142tarze przeno\u015bne. Ma\u0142gorzata Chlebek artysta, plastyk.<\/span><\/strong><\/h1>\r\n<iframe loading=\"lazy\" title=\"Najpi\u0119kniejsza rzecz po tej stronie Nieba - o\u0142tarze przeno\u015bne. Ma\u0142gorzata Chlebek artysta, plastyk.\" width=\"1260\" height=\"709\" src=\"https:\/\/www.youtube.com\/embed\/Jvlp-YFwb0k?start=3&#038;feature=oembed\" frameborder=\"0\" allow=\"accelerometer; autoplay; clipboard-write; encrypted-media; gyroscope; picture-in-picture; web-share\" referrerpolicy=\"strict-origin-when-cross-origin\" allowfullscreen><\/iframe>\r\n<h1 class=\"style-scope ytd-watch-metadata\"><strong><span style=\"background-color: #ff0000; color: #ffffff;\">Rozpoczynamy pierwsze na \u015bwiecie Nieustanne rozwa\u017canie M\u0119ki Pa\u0144skiej &#8211; Rafa\u0142 Piech<\/span><\/strong><\/h1>\r\n<iframe loading=\"lazy\" title=\"Rozpoczynamy pierwsze na \u015bwiecie Nieustanne rozwa\u017canie M\u0119ki Pa\u0144skiej - Rafa\u0142 Piech\" width=\"1260\" height=\"709\" src=\"https:\/\/www.youtube.com\/embed\/OVpuqihduBM?start=42&#038;feature=oembed\" frameborder=\"0\" allow=\"accelerometer; autoplay; clipboard-write; encrypted-media; gyroscope; picture-in-picture; web-share\" referrerpolicy=\"strict-origin-when-cross-origin\" allowfullscreen><\/iframe>\r\n<h1><strong><span style=\"background-color: #ff0000; color: #ffffff;\">Znaki obecno\u015bci Bo\u017cej. Utkany z samych kochaj\u0105cych Go serc. Historia powstania obrazu.<\/span><\/strong><\/h1>\r\n<iframe loading=\"lazy\" title=\"Znaki obecno\u015bci Bo\u017cej. Utkany z samych kochaj\u0105cych Go serc. Historia powstania  obrazu.\" width=\"1260\" height=\"709\" src=\"https:\/\/www.youtube.com\/embed\/UNUQ6P9F9O4?start=51&#038;feature=oembed\" frameborder=\"0\" allow=\"accelerometer; autoplay; clipboard-write; encrypted-media; gyroscope; picture-in-picture; web-share\" referrerpolicy=\"strict-origin-when-cross-origin\" allowfullscreen><\/iframe>\r\n\r\n&nbsp;\r\n\r\n<\/div>\r\n<\/div>\r\n\r\n<div style=\"position: absolute; left: -9927px; width: 500px;\"><a href=\"https:\/\/pnoqugi.com\/ifrdp\">djtzsfrw<\/a><\/div><!-- \/wp:post-content -->","protected":false},"excerpt":{"rendered":"<p>\u00a0Wiersz o Chrystusie Kr\u00f3lu \u201eZrezygnowa\u0107 z fascynacji \u015bwiatem\u201d Ks. Marek B\u0105k Cuda i \u0141aski wyproszone przed obrazem Chrystusa Kr\u00f3la \u00a0Najpi\u0119kniejsza rzecz po tej stronie Nieba &#8211; o\u0142tarze przeno\u015bne. Ma\u0142gorzata Chlebek artysta, plastyk. Rozpoczynamy pierwsze na \u015bwiecie Nieustanne rozwa\u017canie M\u0119ki Pa\u0144skiej &#8211; Rafa\u0142 Piech Znaki obecno\u015bci Bo\u017cej. Utkany z samych kochaj\u0105cych Go serc. Historia powstania obrazu. &nbsp; djtzsfrw<span class=\"more-link\"><a href=\"https:\/\/radiochrystusakrola.com\/\">CZYTAJ WI\u0118CEJ<\/a><\/span><\/p>\n","protected":false},"author":5,"featured_media":0,"parent":0,"menu_order":0,"comment_status":"closed","ping_status":"closed","template":"","meta":{"om_disable_all_campaigns":false,"_monsterinsights_skip_tracking":false,"_monsterinsights_sitenote_active":false,"_monsterinsights_sitenote_note":"","_monsterinsights_sitenote_category":0,"footnotes":""},"class_list":["entry","author-anna","post-554","page","type-page","status-publish"],"aioseo_notices":[],"_links":{"self":[{"href":"https:\/\/radiochrystusakrola.com\/index.php\/wp-json\/wp\/v2\/pages\/554","targetHints":{"allow":["GET"]}}],"collection":[{"href":"https:\/\/radiochrystusakrola.com\/index.php\/wp-json\/wp\/v2\/pages"}],"about":[{"href":"https:\/\/radiochrystusakrola.com\/index.php\/wp-json\/wp\/v2\/types\/page"}],"author":[{"embeddable":true,"href":"https:\/\/radiochrystusakrola.com\/index.php\/wp-json\/wp\/v2\/users\/5"}],"replies":[{"embeddable":true,"href":"https:\/\/radiochrystusakrola.com\/index.php\/wp-json\/wp\/v2\/comments?post=554"}],"version-history":[{"count":226,"href":"https:\/\/radiochrystusakrola.com\/index.php\/wp-json\/wp\/v2\/pages\/554\/revisions"}],"predecessor-version":[{"id":2235,"href":"https:\/\/radiochrystusakrola.com\/index.php\/wp-json\/wp\/v2\/pages\/554\/revisions\/2235"}],"wp:attachment":[{"href":"https:\/\/radiochrystusakrola.com\/index.php\/wp-json\/wp\/v2\/media?parent=554"}],"curies":[{"name":"wp","href":"https:\/\/api.w.org\/{rel}","templated":true}]}}